{"id":23,"date":"2016-11-14T00:36:28","date_gmt":"2016-11-13T23:36:28","guid":{"rendered":"http:\/\/www.curatore.es\/crup-crue\/?page_id=23"},"modified":"2020-07-06T06:45:23","modified_gmt":"2020-07-06T05:45:23","slug":"agenda","status":"publish","type":"page","link":"http:\/\/www.curatore.es\/crup-crue\/agenda\/","title":{"rendered":"Agenda"},"content":{"rendered":"<p>Friday, 3 July 2020<br \/>(10:00 a 13:00)<br \/>Online (Zoom. Universidad de Minhno)<\/p>\n<table width=\"783\">\n<tbody>\n<tr>\n<td width=\"122\">\n<p>10:00<\/p>\n<\/td>\n<td width=\"443\">\n<p><strong>Welcome and Opening Session<\/strong><\/p>\n<ul>\n<li>Rui Vieira de Castro, Rector of the Universidade do Minho, representing CRUP<\/li>\n<li>Francisco Jos\u00e9 Mora, Rector of the Universitat Polit\u00e8cnica de Val\u00e8ncia, representing CRUE<\/li>\n<\/ul>\n<\/td>\n<\/tr>\n<tr>\n<td width=\"122\">\n<p>10:30<\/p>\n<\/td>\n<td width=\"443\">\n<p><strong>Keynote Presentation:\u00a0<\/strong><strong><em>Room for everyone\u2019s talent; towards a new balance in the recognition and rewards of academics.<\/em> <\/strong>Rianne Letschert, Rector Maastricht University<\/p>\n<p>Chair: Lu\u00eds Gustavo Martins<\/p>\n<\/td>\n<\/tr>\n<tr>\n<td width=\"122\">\n<p>11:15<\/p>\n<\/td>\n<td width=\"443\"><strong>Short Break<\/strong><\/td>\n<\/tr>\n<tr>\n<td width=\"122\">\n<p>11:30<\/p>\n<\/td>\n<td width=\"443\">\n<p><strong>Research Assessment in Europe<\/strong><\/p>\n<ul>\n<li>Bregt Saenen, Policy and Project Officer, European University Association<\/li>\n<li>Cecilia Cabello, Chair of the European Research Area and Innovation Committee Standing Working Group on Human Resources<\/li>\n<\/ul>\n<p>Chair: Pastora Mart\u00ednez Samper<\/p>\n<\/td>\n<\/tr>\n<tr>\n<td width=\"122\">\n<p>11:45<\/p>\n<\/td>\n<td width=\"443\">\n<p><strong>Is Open Science challenging career evaluation in the Iberian universities?\u00a0<\/strong><\/p>\n<ul>\n<li>Francisco Jos\u00e9 Mora, Rector of the Universitat Polit\u00e8cnica de Val\u00e8ncia and Chair of the CRUE Committee on Open Science<\/li>\n<li>Lu\u00eds Neves, Vice-Rector Universidade de Coimbra<\/li>\n<li>Maria de Lurdes Correia Fernandes, Vice-Rector Universidade do Porto<\/li>\n<li>Mercedes Siles, Director of the National Agency for Quality Assessment and Accreditation of Spain (ANECA)<\/li>\n<\/ul>\n<p>Chair: Bernard Rentier, Chair of the EUA Expert Subgroup on Research Assessment, Vice-President of the Belgian Federal Council for Science Policy (FRWB \u2013 CFPS) and former Rector of the University of Li\u00e8ge<\/p>\n<\/td>\n<\/tr>\n<tr>\n<td width=\"122\">\n<p>12:45<\/p>\n<\/td>\n<td width=\"443\">\n<p><strong>Wrap up and closing<\/strong><\/p>\n<ul>\n<li>Eva M\u00e9ndez. Universidad Carlos III de Madrid<\/li>\n<li>Eloy Rodrigues. Universidade do Minho<\/li>\n<\/ul>\n<\/td>\n<\/tr>\n<\/tbody>\n<\/table>\n\n\n<p><\/p>\n<div class=\"likebtn_container\" style=\"\"><!-- LikeBtn.com BEGIN --><span class=\"likebtn-wrapper\"  data-identifier=\"page_23\"  data-bg_c_v=\"\"  data-style=\"\"  data-unlike_allowed=\"\"  data-show_copyright=\"\"  data-item_url=\"http:\/\/www.curatore.es\/crup-crue\/agenda\/\"  data-item_title=\"Agenda\"  data-item_date=\"2016-11-14T00:36:28+01:00\"  data-engine=\"WordPress\"  data-plugin_v=\"2.6.59\"  data-event_handler=\"likebtn_eh\" ><\/span><!-- LikeBtn.com END --><\/div>","protected":false},"excerpt":{"rendered":"<p>Friday, 3 July 2020(10:00 a 13:00)Online (Zoom. Universidad de Minhno) 10:00 Welcome and Opening Session Rui Vieira de Castro, Rector of the Universidade do Minho, representing CRUP Francisco Jos\u00e9 Mora, Rector of the Universitat Polit\u00e8cnica de Val\u00e8ncia, representing CRUE 10:30 Keynote Presentation:\u00a0Room for everyone\u2019s talent; towards a new balance in the recognition and rewards of &hellip; <a href=\"http:\/\/www.curatore.es\/crup-crue\/agenda\/\" class=\"more-link\">Sigue leyendo <span class=\"screen-reader-text\">Agenda<\/span><\/a><\/p>\n<div class=\"likebtn_container\" style=\"\"><!-- LikeBtn.com BEGIN --><span class=\"likebtn-wrapper\"  data-identifier=\"page_23\"  data-bg_c_v=\"\"  data-style=\"\"  data-unlike_allowed=\"\"  data-show_copyright=\"\"  data-item_url=\"http:\/\/www.curatore.es\/crup-crue\/agenda\/\"  data-item_title=\"Agenda\"  data-item_date=\"2016-11-14T00:36:28+01:00\"  data-engine=\"WordPress\"  data-plugin_v=\"2.6.59\"  data-event_handler=\"likebtn_eh\" ><\/span><!-- LikeBtn.com END --><\/div>","protected":false},"author":2,"featured_media":0,"parent":0,"menu_order":0,"comment_status":"closed","ping_status":"closed","template":"","meta":{"footnotes":""},"class_list":["post-23","page","type-page","status-publish","hentry"],"jetpack_sharing_enabled":true,"jetpack_shortlink":"https:\/\/wp.me\/Pc8ch6-n","_links":{"self":[{"href":"http:\/\/www.curatore.es\/crup-crue\/wp-json\/wp\/v2\/pages\/23","targetHints":{"allow":["GET"]}}],"collection":[{"href":"http:\/\/www.curatore.es\/crup-crue\/wp-json\/wp\/v2\/pages"}],"about":[{"href":"http:\/\/www.curatore.es\/crup-crue\/wp-json\/wp\/v2\/types\/page"}],"author":[{"embeddable":true,"href":"http:\/\/www.curatore.es\/crup-crue\/wp-json\/wp\/v2\/users\/2"}],"replies":[{"embeddable":true,"href":"http:\/\/www.curatore.es\/crup-crue\/wp-json\/wp\/v2\/comments?post=23"}],"version-history":[{"count":14,"href":"http:\/\/www.curatore.es\/crup-crue\/wp-json\/wp\/v2\/pages\/23\/revisions"}],"predecessor-version":[{"id":527,"href":"http:\/\/www.curatore.es\/crup-crue\/wp-json\/wp\/v2\/pages\/23\/revisions\/527"}],"wp:attachment":[{"href":"http:\/\/www.curatore.es\/crup-crue\/wp-json\/wp\/v2\/media?parent=23"}],"curies":[{"name":"wp","href":"https:\/\/api.w.org\/{rel}","templated":true}]}}