{"id":2,"date":"2015-05-06T10:14:41","date_gmt":"2015-05-06T10:14:41","guid":{"rendered":"http:\/\/www.curatore.es\/foster\/?page_id=2"},"modified":"2015-05-21T18:10:12","modified_gmt":"2015-05-21T16:10:12","slug":"about","status":"publish","type":"page","link":"http:\/\/www.curatore.es\/foster\/about\/","title":{"rendered":"Programa &#8211; PPT&#8217;s y V\u00eddeos"},"content":{"rendered":"<h3><a href=\"http:\/\/www.curatore.es\/foster\/wp-content\/uploads\/2015\/05\/foster.png\"><img loading=\"lazy\" decoding=\"async\" class=\" wp-image-5 size-full aligncenter\" src=\"http:\/\/www.curatore.es\/foster\/wp-content\/uploads\/2015\/05\/foster.png\" alt=\"foster\" width=\"828\" height=\"193\" srcset=\"http:\/\/www.curatore.es\/foster\/wp-content\/uploads\/2015\/05\/foster.png 828w, http:\/\/www.curatore.es\/foster\/wp-content\/uploads\/2015\/05\/foster-300x70.png 300w\" sizes=\"auto, (max-width: 828px) 100vw, 828px\" \/><\/a><\/h3>\n<div class=\"event_full_agenda_row row\">\n<div class=\"col-md-2 event_full_agenda_when\">\n<table style=\"height: 1364px; width: 669px;\" border=\"1\" cellspacing=\"1\" cellpadding=\"1\">\n<tbody>\n<tr>\n<td><strong>09:15\u201310:00<\/strong><\/td>\n<td><em>Registration and documentation<\/em><\/td>\n<\/tr>\n<tr>\n<td><strong>10:00\u201310:10<\/strong><\/td>\n<td><a href=\"https:\/\/arcamm.uc3m.es\/arcamm_3\/item\/show\/7bf4b1b17fc2287ceeb24914765c1d00\" target=\"_blank\">Wellcome \/ Bienvenida. Carlos Delgado Kloos<\/a>. Vicerrector de Estrategia y Educaci\u00f3n Digital.\u00a0[Spanish]\u00a0(V\u00eddeo)<\/td>\n<\/tr>\n<tr>\n<td><strong>10:15\u201311:00<\/strong><\/td>\n<td><strong><a href=\"http:\/\/es.slideshare.net\/Acceso2\/introduction-to-open-science\" target=\"_blank\">Introduction to Open Science<\/a><\/strong> [Spanish] (PPT) (<a href=\"https:\/\/arcamm.uc3m.es\/arcamm_3\/item\/show\/66439b5c5754dccd1840dda7797f423f\" target=\"_blank\">V\u00eddeo<\/a>)Reme Melero. Consejo Superior de Investigaciones Cient\u00edficas. <a href=\"https:\/\/www.fosteropenscience.eu\/project\/?option=com_speaker&amp;view=speakers&amp;Itemid=192&amp;id=13\">Foster speaker<\/a>.<\/td>\n<\/tr>\n<tr>\n<td><strong>11:05\u201311:45<\/strong><\/td>\n<td><strong><a href=\"http:\/\/www.slideshare.net\/ivogrigorov\/winning-proposals-with-open-science\" target=\"_blank\">Winning Horizon2020 with Open Science?<\/a> <\/strong>[English] (PPT) (<a href=\"https:\/\/arcamm.uc3m.es\/arcamm_3\/item\/show\/ed3a24489067a3299722815a5117d1de\" target=\"_blank\">V\u00eddeo<\/a>) Ivo Grigorov. Research Secretariat. Technical University of Denmark. <a href=\"https:\/\/www.fosteropenscience.eu\/project\/?option=com_speaker&amp;view=speakers&amp;Itemid=192&amp;id=9\">Foster speaker<\/a><\/td>\n<\/tr>\n<tr>\n<td><strong>11:45\u201312:10<\/strong><\/td>\n<td><em>Coffee break [students networking]<\/em><\/td>\n<\/tr>\n<tr>\n<td><strong>12:15\u201312:45<\/strong><\/td>\n<td><strong><a href=\"http:\/\/www.dcc.ac.uk\/webfm_send\/1989\" target=\"_blank\">Practical guide 1: How to design a Data Management Plan<\/a><\/strong> [English] (PPT)\u00a0\u00a0(<a href=\"https:\/\/arcamm.uc3m.es\/arcamm_3\/item\/show\/d9dc1c0278a3b97de72db5572025adf5\" target=\"_blank\">V\u00eddeo<\/a>)\u00a0Instructor: Joy Davidson. Associate Director. Digital Curation Centre (DCC). <a href=\"https:\/\/www.fosteropenscience.eu\/project\/?option=com_speaker&amp;view=speakers&amp;Itemid=192&amp;id=6\">Foster speaker<\/a><\/td>\n<\/tr>\n<tr>\n<td><strong>12:45\u201313:15<\/strong><\/td>\n<td><strong><a href=\"https:\/\/arcamm.uc3m.es\/arcamm_3\/item\/show\/a2dbfd38157db38d273c2b8923abcd21\" target=\"_blank\">Practical guide 2: How to deal with Open Science for Research Impact<\/a><\/strong> [English] (V\u00eddeo)\u00a0Instructor: Ivo Grigorov. Research Secretariat. Technical University of Denmark. <a href=\"https:\/\/www.fosteropenscience.eu\/project\/?option=com_speaker&amp;view=speakers&amp;Itemid=192&amp;id=9\">Foster speaker<\/a>.<\/td>\n<\/tr>\n<tr>\n<td><strong>13:15\u201313:45<\/strong><\/td>\n<td><strong><a href=\"https:\/\/arcamm.uc3m.es\/arcamm_3\/item\/show\/45ec96b0d84f91e440e261f90c68d344\" target=\"_blank\">Discussion Panel: New scenarios for Research and Researchers with Open Science<\/a><\/strong> (V\u00eddeo)[English]Participants (Foster speakers):Ivo Grigorov. Technical University of DenmarkReme Melero. CSIC.<\/p>\n<p>Joy Davidson. Digital Curation Centre (DCC)<\/p>\n<p>Moderator: Eva M\u00e9ndez. iSchool\/LIS Department. UC3M<\/td>\n<\/tr>\n<tr>\n<td><strong>13:45\u201314:30<\/strong><\/td>\n<td><a href=\"https:\/\/arcamm.uc3m.es\/arcamm_3\/item\/show\/771bf7b5edf3d2789505170848e3e774\" target=\"_blank\"><strong>Reflections and engagement.<\/strong> Final panel. <strong>Questions and answers for the future at the light of Open Science in our University<\/strong><\/a> [Spanish] (V\u00eddeo) Participants (UC3M Community):PhD Student 1: Diego Gonz\u00e1lez Rodr\u00edguezPhD Student 2: Mari Luz Congosto<\/p>\n<p>UC3M Library: Teresa Malo de Molina<\/p>\n<p>UC3M Research Office: Regina Garc\u00eda Beato<\/p>\n<p>Moderator: Tony Hern\u00e1ndez. iSchool\/LIS Department. UC3M<\/td>\n<\/tr>\n<\/tbody>\n<\/table>\n<\/div>\n<\/div>\n<div>\u00a0<strong>Streaming:<\/strong> <a href=\"https:\/\/arcamm.uc3m.es\/arcamm_3\/liveEvents\/show\/20\">https:\/\/arcamm.uc3m.es\/arcamm_3\/liveEvents\/show\/20<\/a><\/div>\n<div class=\"likebtn_container\" style=\"\"><!-- LikeBtn.com BEGIN --><span class=\"likebtn-wrapper\"  data-identifier=\"page_2\"  data-bg_c_v=\"\"  data-style=\"\"  data-unlike_allowed=\"\"  data-show_copyright=\"\"  data-item_url=\"http:\/\/www.curatore.es\/foster\/about\/\"  data-item_title=\"Programa - PPT&#039;s y V\u00eddeos\"  data-item_date=\"2015-05-06T10:14:41+02:00\"  data-engine=\"WordPress\"  data-plugin_v=\"2.6.59\"  data-event_handler=\"likebtn_eh\" ><\/span><!-- LikeBtn.com END --><\/div>","protected":false},"excerpt":{"rendered":"<p>09:15\u201310:00 Registration and documentation 10:00\u201310:10 Wellcome \/ Bienvenida. Carlos Delgado Kloos. Vicerrector de Estrategia y Educaci\u00f3n Digital.\u00a0[Spanish]\u00a0(V\u00eddeo) 10:15\u201311:00 Introduction to Open Science [Spanish] (PPT) (V\u00eddeo)Reme Melero. Consejo Superior de Investigaciones Cient\u00edficas. Foster speaker. 11:05\u201311:45 Winning Horizon2020 with Open Science? [English] (PPT) (V\u00eddeo) Ivo Grigorov. Research Secretariat. Technical University of Denmark. Foster speaker 11:45\u201312:10 Coffee break &hellip; <a href=\"http:\/\/www.curatore.es\/foster\/about\/\" class=\"more-link\">Seguir leyendo <span class=\"screen-reader-text\">Programa &#8211; PPT&#8217;s y V\u00eddeos<\/span> <span class=\"meta-nav\">&rarr;<\/span><\/a><\/p>\n<div class=\"likebtn_container\" style=\"\"><!-- LikeBtn.com BEGIN --><span class=\"likebtn-wrapper\"  data-identifier=\"page_2\"  data-bg_c_v=\"\"  data-style=\"\"  data-unlike_allowed=\"\"  data-show_copyright=\"\"  data-item_url=\"http:\/\/www.curatore.es\/foster\/about\/\"  data-item_title=\"Programa - PPT&#039;s y V\u00eddeos\"  data-item_date=\"2015-05-06T10:14:41+02:00\"  data-engine=\"WordPress\"  data-plugin_v=\"2.6.59\"  data-event_handler=\"likebtn_eh\" ><\/span><!-- LikeBtn.com END --><\/div>","protected":false},"author":1,"featured_media":0,"parent":0,"menu_order":0,"comment_status":"open","ping_status":"open","template":"","meta":{"jetpack_post_was_ever_published":false,"footnotes":""},"class_list":["post-2","page","type-page","status-publish","hentry"],"jetpack_sharing_enabled":true,"jetpack_shortlink":"https:\/\/wp.me\/P6aZWo-2","jetpack_likes_enabled":true,"_links":{"self":[{"href":"http:\/\/www.curatore.es\/foster\/wp-json\/wp\/v2\/pages\/2","targetHints":{"allow":["GET"]}}],"collection":[{"href":"http:\/\/www.curatore.es\/foster\/wp-json\/wp\/v2\/pages"}],"about":[{"href":"http:\/\/www.curatore.es\/foster\/wp-json\/wp\/v2\/types\/page"}],"author":[{"embeddable":true,"href":"http:\/\/www.curatore.es\/foster\/wp-json\/wp\/v2\/users\/1"}],"replies":[{"embeddable":true,"href":"http:\/\/www.curatore.es\/foster\/wp-json\/wp\/v2\/comments?post=2"}],"version-history":[{"count":5,"href":"http:\/\/www.curatore.es\/foster\/wp-json\/wp\/v2\/pages\/2\/revisions"}],"predecessor-version":[{"id":256,"href":"http:\/\/www.curatore.es\/foster\/wp-json\/wp\/v2\/pages\/2\/revisions\/256"}],"wp:attachment":[{"href":"http:\/\/www.curatore.es\/foster\/wp-json\/wp\/v2\/media?parent=2"}],"curies":[{"name":"wp","href":"https:\/\/api.w.org\/{rel}","templated":true}]}}