{"id":23,"date":"2015-05-11T16:31:19","date_gmt":"2015-05-11T14:31:19","guid":{"rendered":"http:\/\/www.curatore.es\/foster\/?page_id=23"},"modified":"2015-05-11T16:34:35","modified_gmt":"2015-05-11T14:34:35","slug":"preguntas-frecuentes","status":"publish","type":"page","link":"http:\/\/www.curatore.es\/foster\/preguntas-frecuentes\/","title":{"rendered":"Preguntas frecuentes"},"content":{"rendered":"<!-- Index page generated using the WordPress AZIndex plugin version 0.8.1by English Mike (http:\/\/azindex.englishmike.net) --><div id=\"azindex-1\"><style type=\"text\/css\">\n.azindex {width:99.9%;float:left;}.azindex .head {}\n.azindex .subhead {}\n.azindex .desc {float:left; font-size:80%; padding-left:10px;}\n.azindex {padding:20px 0 20px 0}\n.azindex h2 { padding-top:0;margin-top:0}\n.azindex h2 .azcont {font-size:50%;font-style:italic;}\n.azindex ul {list-style:none; padding:0 5px 0 5px; margin:0;}\n.azindex ul li {clear:both; padding-top:5px;}\n.azindex ul li.azalt {float:left; width:100%; background-color:lightgray;}\n.azindex .spacer {height:20px;}\n.azlinks {text-align:center;}\n.azlinkspacer {height:20px;}\n.azpagelinks {text-align:center;}\n<\/style><div class=\"azindex\"><ul><li><a href=\"http:\/\/www.curatore.es\/foster\/todos\/como-saber-si-puedo-depositar-en-un-repositorio-un-articulo-publicado\/\"><span class=\"head\">\u00bfC\u00f3mo saber si puedo depositar en un repositorio un art\u00edculo publicado?<\/span><\/a><\/li>\n<li><a href=\"http:\/\/www.curatore.es\/foster\/todos\/que-dice-la-ley-de-la-ciencia-sobre-el-acceso-abierto\/\"><span class=\"head\">\u00bfQu\u00e9 dice la Ley de la Ciencia sobre el acceso abierto?<\/span><\/a><\/li>\n<li><a href=\"http:\/\/www.curatore.es\/foster\/todos\/concepto-open-science\/\"><span class=\"head\">Concepto Open Science<\/span><\/a><\/li>\n<li><a href=\"http:\/\/www.curatore.es\/foster\/todos\/recomendaciones-a-los-investigadores-para-la-implementacion-del-articulo-37-difusion-en-acceso-abierto-de-la-ley-de-la-ciencia-la-tecnologia-y-la-innovacion\/\"><span class=\"head\">Recomendaciones a los investigadores para la implementaci\u00f3n del art\u00edculo 37 difusi\u00f3n en acceso abierto de la Ley de la Ciencia, la Tecnolog\u00eda y la Innovaci\u00f3n<\/span><\/a><\/li>\n<\/ul><\/div><div style=\"clear:both;\"><\/div><\/div>\n<div class=\"likebtn_container\" style=\"\"><!-- LikeBtn.com BEGIN --><span class=\"likebtn-wrapper\"  data-identifier=\"page_23\"  data-bg_c_v=\"\"  data-style=\"\"  data-unlike_allowed=\"\"  data-show_copyright=\"\"  data-item_url=\"http:\/\/www.curatore.es\/foster\/preguntas-frecuentes\/\"  data-item_title=\"Preguntas frecuentes\"  data-item_date=\"2015-05-11T16:31:19+02:00\"  data-engine=\"WordPress\"  data-plugin_v=\"2.6.59\"  data-event_handler=\"likebtn_eh\" ><\/span><!-- LikeBtn.com END --><\/div>","protected":false},"excerpt":{"rendered":"<div class=\"likebtn_container\" style=\"\"><!-- LikeBtn.com BEGIN --><span class=\"likebtn-wrapper\"  data-identifier=\"page_23\"  data-bg_c_v=\"\"  data-style=\"\"  data-unlike_allowed=\"\"  data-show_copyright=\"\"  data-item_url=\"http:\/\/www.curatore.es\/foster\/preguntas-frecuentes\/\"  data-item_title=\"Preguntas frecuentes\"  data-item_date=\"2015-05-11T16:31:19+02:00\"  data-engine=\"WordPress\"  data-plugin_v=\"2.6.59\"  data-event_handler=\"likebtn_eh\" ><\/span><!-- LikeBtn.com END --><\/div>","protected":false},"author":1,"featured_media":0,"parent":0,"menu_order":0,"comment_status":"open","ping_status":"closed","template":"","meta":{"footnotes":""},"class_list":["post-23","page","type-page","status-publish","hentry"],"jetpack_sharing_enabled":true,"jetpack_shortlink":"https:\/\/wp.me\/P6aZWo-n","jetpack_likes_enabled":true,"_links":{"self":[{"href":"http:\/\/www.curatore.es\/foster\/wp-json\/wp\/v2\/pages\/23","targetHints":{"allow":["GET"]}}],"collection":[{"href":"http:\/\/www.curatore.es\/foster\/wp-json\/wp\/v2\/pages"}],"about":[{"href":"http:\/\/www.curatore.es\/foster\/wp-json\/wp\/v2\/types\/page"}],"author":[{"embeddable":true,"href":"http:\/\/www.curatore.es\/foster\/wp-json\/wp\/v2\/users\/1"}],"replies":[{"embeddable":true,"href":"http:\/\/www.curatore.es\/foster\/wp-json\/wp\/v2\/comments?post=23"}],"version-history":[{"count":1,"href":"http:\/\/www.curatore.es\/foster\/wp-json\/wp\/v2\/pages\/23\/revisions"}],"predecessor-version":[{"id":25,"href":"http:\/\/www.curatore.es\/foster\/wp-json\/wp\/v2\/pages\/23\/revisions\/25"}],"wp:attachment":[{"href":"http:\/\/www.curatore.es\/foster\/wp-json\/wp\/v2\/media?parent=23"}],"curies":[{"name":"wp","href":"https:\/\/api.w.org\/{rel}","templated":true}]}}