{"id":23,"date":"2016-11-14T00:36:28","date_gmt":"2016-11-13T23:36:28","guid":{"rendered":"http:\/\/www.curatore.es\/thor\/?page_id=23"},"modified":"2016-11-22T14:28:12","modified_gmt":"2016-11-22T13:28:12","slug":"agenda","status":"publish","type":"page","link":"http:\/\/www.curatore.es\/thor\/agenda\/","title":{"rendered":"Agenda"},"content":{"rendered":"<p>Mi\u00e9rcoles 16 de Noviembre de 2016<br \/>\n(15:00 a 19:00)<br \/>\nSal\u00f3n de Grados &#8211; Campus de Legan\u00e9s &#8211; UC3M<\/p>\n<table>\n<tbody>\n<tr>\n<td><b>Hora<\/b><\/td>\n<td><b>Contenido<\/b><\/td>\n<td><b>Speaker<\/b><\/td>\n<\/tr>\n<tr>\n<td><span style=\"font-weight: 400;\">15:00<\/span><\/td>\n<td><a href=\"http:\/\/www.curatore.es\/thor\/wp-content\/uploads\/2016\/11\/suenje.pdf\"><span style=\"font-weight: 400;\">Open Science, why<\/span><span style=\"font-weight: 400;\">?<\/span><\/a><\/td>\n<td><span style=\"font-weight: 400;\">Suenje Dallmeier-Tiessen, CERN [<a href=\"https:\/\/arcamm.uc3m.es\/arcamm_3\/item\/show\/2efb5bd2a5b5dabfca79d9987506574e\" target=\"_blank\">video: 6:50-37:00<\/a>]<\/span><\/td>\n<\/tr>\n<tr>\n<td><span style=\"font-weight: 400;\">15:30<\/span><\/td>\n<td><a href=\"http:\/\/www.curatore.es\/thor\/wp-content\/uploads\/2016\/11\/kristian.pdf\"><span style=\"font-weight: 400;\">What\u2019s a DOI? Why should I cite using DOIs? <\/span><\/a><\/td>\n<td><span style=\"font-weight: 400;\">Kristian Garza, DataCite [<a href=\"https:\/\/arcamm.uc3m.es\/arcamm_3\/item\/show\/2efb5bd2a5b5dabfca79d9987506574e\" target=\"_blank\">video: 37:00-1:04:40<\/a>]<\/span><\/td>\n<\/tr>\n<tr>\n<td><span style=\"font-weight: 400;\">16:00<\/span><\/td>\n<td><a href=\"http:\/\/www.curatore.es\/thor\/wp-content\/uploads\/2016\/11\/tom.pdf\"><span style=\"font-weight: 400;\">What\u2019s an ORCID iD? Why should I use it?<\/span><\/a><\/td>\n<td><span style=\"font-weight: 400;\">Tom Demeranville, ORCID\u00a0[<a href=\"https:\/\/arcamm.uc3m.es\/arcamm_3\/item\/show\/2efb5bd2a5b5dabfca79d9987506574e\" target=\"_blank\">video: 1:04:40-1:30:00<\/a>]<\/span><\/td>\n<\/tr>\n<tr>\n<td><span style=\"font-weight: 400;\">16:30<\/span><\/td>\n<td colspan=\"2\"><span style=\"font-weight: 400;\">Caf\u00e9 (Cafeter\u00eda de profesores)<\/span><\/td>\n<\/tr>\n<tr>\n<td><span style=\"font-weight: 400;\">17:00<\/span><\/td>\n<td><a href=\"http:\/\/www.curatore.es\/thor\/wp-content\/uploads\/2016\/11\/laura.pdf\"><span style=\"font-weight: 400;\">How to find a repository, reuse and cite data?<\/span><\/a><\/td>\n<td><span style=\"font-weight: 400;\">Laura Rueda, DataCite [<a href=\"https:\/\/arcamm.uc3m.es\/arcamm_3\/item\/show\/dbc4a8a4c8c6b206f9160d2cd227238a\" target=\"_blank\">v\u00eddeo: 00:15-23:22<\/a>]<\/span><\/td>\n<\/tr>\n<tr>\n<td><span style=\"font-weight: 400;\">17:30<\/span><\/td>\n<td><a href=\"http:\/\/www.curatore.es\/thor\/wp-content\/uploads\/2016\/11\/ioannis.pdf\"><span style=\"font-weight: 400;\">Publishing software with Github<\/span><\/a><\/td>\n<td><span style=\"font-weight: 400;\">Ioannis Tsanaktsidis, CERN [<a href=\"https:\/\/arcamm.uc3m.es\/arcamm_3\/item\/show\/dbc4a8a4c8c6b206f9160d2cd227238a\" target=\"_blank\">video: 23:25-50:10<\/a>]<\/span><\/td>\n<\/tr>\n<tr>\n<td><span style=\"font-weight: 400;\">18:00<\/span><\/td>\n<td><a href=\"http:\/\/www.curatore.es\/thor\/wp-content\/uploads\/2016\/11\/victoria.pdf\"><span style=\"font-weight: 400;\">Servicios de publicaci\u00f3n de datos en la UC3M<\/span><\/a><\/td>\n<td><span style=\"font-weight: 400;\">Victoria Rasero. UC3M [<a href=\"https:\/\/arcamm.uc3m.es\/arcamm_3\/item\/show\/dbc4a8a4c8c6b206f9160d2cd227238a\" target=\"_blank\">video: 53:00-1:27:05<\/a>]<\/span><\/td>\n<\/tr>\n<tr>\n<td><span style=\"font-weight: 400;\">18:30<\/span><\/td>\n<td><span style=\"font-weight: 400;\">Hands-on: Get an ORCID iD, upload your data, obtain a DOI and cite<\/span><\/td>\n<td><span style=\"font-weight: 400;\">All<\/span><\/td>\n<\/tr>\n<tr>\n<td><span style=\"font-weight: 400;\">19:00<\/span><\/td>\n<td><span style=\"font-weight: 400;\">Closing remarks<\/span><\/td>\n<td><span style=\"font-weight: 400;\">Eva M\u00e9ndez, Vicerrectora Adjunta de Estrategia y Educaci\u00f3n Digital, Grupo de investigaci\u00f3n Tecnodoc<\/span><\/td>\n<\/tr>\n<\/tbody>\n<\/table>\n<p>&nbsp;<\/p>\n<div class=\"likebtn_container\" style=\"\"><!-- LikeBtn.com BEGIN --><span class=\"likebtn-wrapper\"  data-identifier=\"page_23\"  data-bg_c_v=\"\"  data-style=\"\"  data-unlike_allowed=\"\"  data-show_copyright=\"\"  data-item_url=\"http:\/\/www.curatore.es\/thor\/agenda\/\"  data-item_title=\"Agenda\"  data-item_date=\"2016-11-14T00:36:28+01:00\"  data-engine=\"WordPress\"  data-plugin_v=\"2.6.59\"  data-event_handler=\"likebtn_eh\" ><\/span><!-- LikeBtn.com END --><\/div>","protected":false},"excerpt":{"rendered":"<p>Mi\u00e9rcoles 16 de Noviembre de 2016 (15:00 a 19:00) Sal\u00f3n de Grados &#8211; Campus de Legan\u00e9s &#8211; UC3M Hora Contenido Speaker 15:00 Open Science, why? Suenje Dallmeier-Tiessen, CERN [video: 6:50-37:00] 15:30 What\u2019s a DOI? Why should I cite using DOIs? Kristian Garza, DataCite [video: 37:00-1:04:40] 16:00 What\u2019s an ORCID iD? Why should I use it? [&hellip;]<\/p>\n<div class=\"likebtn_container\" style=\"\"><!-- LikeBtn.com BEGIN --><span class=\"likebtn-wrapper\"  data-identifier=\"page_23\"  data-bg_c_v=\"\"  data-style=\"\"  data-unlike_allowed=\"\"  data-show_copyright=\"\"  data-item_url=\"http:\/\/www.curatore.es\/thor\/agenda\/\"  data-item_title=\"Agenda\"  data-item_date=\"2016-11-14T00:36:28+01:00\"  data-engine=\"WordPress\"  data-plugin_v=\"2.6.59\"  data-event_handler=\"likebtn_eh\" ><\/span><!-- LikeBtn.com END --><\/div>","protected":false},"author":2,"featured_media":0,"parent":0,"menu_order":0,"comment_status":"closed","ping_status":"closed","template":"","meta":{"footnotes":""},"class_list":["post-23","page","type-page","status-publish","hentry"],"_links":{"self":[{"href":"http:\/\/www.curatore.es\/thor\/wp-json\/wp\/v2\/pages\/23","targetHints":{"allow":["GET"]}}],"collection":[{"href":"http:\/\/www.curatore.es\/thor\/wp-json\/wp\/v2\/pages"}],"about":[{"href":"http:\/\/www.curatore.es\/thor\/wp-json\/wp\/v2\/types\/page"}],"author":[{"embeddable":true,"href":"http:\/\/www.curatore.es\/thor\/wp-json\/wp\/v2\/users\/2"}],"replies":[{"embeddable":true,"href":"http:\/\/www.curatore.es\/thor\/wp-json\/wp\/v2\/comments?post=23"}],"version-history":[{"count":12,"href":"http:\/\/www.curatore.es\/thor\/wp-json\/wp\/v2\/pages\/23\/revisions"}],"predecessor-version":[{"id":285,"href":"http:\/\/www.curatore.es\/thor\/wp-json\/wp\/v2\/pages\/23\/revisions\/285"}],"wp:attachment":[{"href":"http:\/\/www.curatore.es\/thor\/wp-json\/wp\/v2\/media?parent=23"}],"curies":[{"name":"wp","href":"https:\/\/api.w.org\/{rel}","templated":true}]}}